{"id":15,"date":"2024-04-04T13:09:36","date_gmt":"2024-04-04T13:09:36","guid":{"rendered":"https:\/\/prospa-wordpress.technowebstore.com\/?page_id=15"},"modified":"2026-04-28T09:31:57","modified_gmt":"2026-04-28T07:31:57","slug":"classes","status":"publish","type":"page","link":"https:\/\/madmikeguitarschool.com\/index.php\/classes\/","title":{"rendered":"Zaj\u0119cia"},"content":{"rendered":"\t\t<div data-elementor-type=\"wp-page\" data-elementor-id=\"15\" class=\"elementor elementor-15\" data-elementor-post-type=\"page\">\n\t\t\t\t\t\t<section class=\"has_eae_slider elementor-section elementor-top-section elementor-element elementor-element-1c02107 subbanner2  elementor-section-boxed elementor-section-height-default elementor-section-height-default\" data-eae-slider=\"57868\" data-id=\"1c02107\" data-element_type=\"section\" data-e-type=\"section\" data-settings=\"{&quot;background_background&quot;:&quot;classic&quot;}\">\n\t\t\t\t\t\t<div class=\"elementor-container elementor-column-gap-default\">\n\t\t\t\t\t<div class=\"has_eae_slider elementor-column elementor-col-100 elementor-top-column elementor-element elementor-element-a183759\" data-eae-slider=\"12638\" data-id=\"a183759\" data-element_type=\"column\" data-e-type=\"column\">\n\t\t\t<div class=\"elementor-widget-wrap elementor-element-populated\">\n\t\t\t\t\t\t<section class=\"has_eae_slider elementor-section elementor-inner-section elementor-element elementor-element-bbbdfc0 elementor-section-boxed elementor-section-height-default elementor-section-height-default\" data-eae-slider=\"65132\" data-id=\"bbbdfc0\" data-element_type=\"section\" data-e-type=\"section\">\n\t\t\t\t\t\t<div class=\"elementor-container elementor-column-gap-default\">\n\t\t\t\t\t<div class=\"has_eae_slider elementor-column elementor-col-50 elementor-inner-column elementor-element elementor-element-f058d9d\" data-eae-slider=\"82276\" data-id=\"f058d9d\" data-element_type=\"column\" data-e-type=\"column\">\n\t\t\t<div class=\"elementor-widget-wrap elementor-element-populated\">\n\t\t\t\t\t\t<div class=\"elementor-element elementor-element-25de04d elementor-widget elementor-widget-page-title\" data-id=\"25de04d\" data-element_type=\"widget\" data-e-type=\"widget\" data-widget_type=\"page-title.default\">\n\t\t\t\t<div class=\"elementor-widget-container\">\n\t\t\t\t\t\t\t\n\t\t<div class=\"hfe-page-title hfe-page-title-wrapper elementor-widget-heading\">\n\n\t\t\t\t\t\t\t\t<h2 class=\"elementor-heading-title elementor-size-default\">\n\t\t\t\t\t\t\t\t\n\t\t\t\tZaj\u0119cia  \n\t\t\t<\/h2 > \n\t\t\t\t\t<\/div>\n\t\t\t\t\t\t<\/div>\n\t\t\t\t<\/div>\n\t\t\t\t\t<\/div>\n\t\t<\/div>\n\t\t\t\t<div class=\"has_eae_slider elementor-column elementor-col-50 elementor-inner-column elementor-element elementor-element-f6ddde4\" data-eae-slider=\"35054\" data-id=\"f6ddde4\" data-element_type=\"column\" data-e-type=\"column\">\n\t\t\t<div class=\"elementor-widget-wrap elementor-element-populated\">\n\t\t\t\t\t\t<div class=\"elementor-element elementor-element-d6c2ac0 elementor-widget elementor-widget-html\" data-id=\"d6c2ac0\" data-element_type=\"widget\" data-e-type=\"widget\" data-widget_type=\"html.default\">\n\t\t\t\t\t<ul class=\"breadcrumbs none-style fl-r\">\r\n<li><a href=\"\/\">Home<\/a><\/li>\r\n<li>Classes<\/li>\r\n\r\n<\/ul>\t\t\t\t<\/div>\n\t\t\t\t\t<\/div>\n\t\t<\/div>\n\t\t\t\t\t<\/div>\n\t\t<\/section>\n\t\t\t\t\t<\/div>\n\t\t<\/div>\n\t\t\t\t\t<\/div>\n\t\t<\/section>\n\t\t\t\t<section class=\"has_eae_slider elementor-section elementor-top-section elementor-element elementor-element-ea0f6b4 elementor-section-boxed elementor-section-height-default elementor-section-height-default\" data-eae-slider=\"95124\" data-id=\"ea0f6b4\" data-element_type=\"section\" data-e-type=\"section\">\n\t\t\t\t\t\t<div class=\"elementor-container elementor-column-gap-default\">\n\t\t\t\t\t<div class=\"has_eae_slider elementor-column elementor-col-100 elementor-top-column elementor-element elementor-element-7fa9b52\" data-eae-slider=\"7525\" data-id=\"7fa9b52\" data-element_type=\"column\" data-e-type=\"column\">\n\t\t\t<div class=\"elementor-widget-wrap elementor-element-populated\">\n\t\t\t\t\t\t<section class=\"has_eae_slider elementor-section elementor-inner-section elementor-element elementor-element-1658a90 elementor-section-boxed elementor-section-height-default elementor-section-height-default\" data-eae-slider=\"67314\" data-id=\"1658a90\" data-element_type=\"section\" data-e-type=\"section\">\n\t\t\t\t\t\t<div class=\"elementor-container elementor-column-gap-default\">\n\t\t\t\t\t<div class=\"has_eae_slider elementor-column elementor-col-50 elementor-inner-column elementor-element elementor-element-f990ed2\" data-eae-slider=\"24703\" data-id=\"f990ed2\" data-element_type=\"column\" data-e-type=\"column\">\n\t\t\t<div class=\"elementor-widget-wrap elementor-element-populated\">\n\t\t\t\t\t\t<div class=\"elementor-element elementor-element-2a8a272 elementor-widget elementor-widget-heading\" data-id=\"2a8a272\" data-element_type=\"widget\" data-e-type=\"widget\" data-widget_type=\"heading.default\">\n\t\t\t\t\t<h2 class=\"elementor-heading-title elementor-size-default\">Nasze zaj\u0119cia<\/h2>\t\t\t\t<\/div>\n\t\t\t\t\t<\/div>\n\t\t<\/div>\n\t\t\t\t<div class=\"has_eae_slider elementor-column elementor-col-50 elementor-inner-column elementor-element elementor-element-c1583b5\" data-eae-slider=\"26354\" data-id=\"c1583b5\" data-element_type=\"column\" data-e-type=\"column\">\n\t\t\t<div class=\"elementor-widget-wrap\">\n\t\t\t\t\t\t\t<\/div>\n\t\t<\/div>\n\t\t\t\t\t<\/div>\n\t\t<\/section>\n\t\t\t\t<section class=\"has_eae_slider elementor-section elementor-inner-section elementor-element elementor-element-112efb0 elementor-section-boxed elementor-section-height-default elementor-section-height-default\" data-eae-slider=\"68734\" data-id=\"112efb0\" data-element_type=\"section\" data-e-type=\"section\">\n\t\t\t\t\t\t<div class=\"elementor-container elementor-column-gap-default\">\n\t\t\t\t\t<div class=\"has_eae_slider elementor-column elementor-col-100 elementor-inner-column elementor-element elementor-element-425f18d\" data-eae-slider=\"73363\" data-id=\"425f18d\" data-element_type=\"column\" data-e-type=\"column\">\n\t\t\t<div class=\"elementor-widget-wrap elementor-element-populated\">\n\t\t\t\t\t\t<div class=\"elementor-element elementor-element-d3425f0 elementor-widget elementor-widget-shortcode\" data-id=\"d3425f0\" data-element_type=\"widget\" data-e-type=\"widget\" data-widget_type=\"shortcode.default\">\n\t\t\t\t\t\t\t<div class=\"elementor-shortcode\">\n\n\n         \n                <div class=\"row\">\n                 \n\n    <div class=\"col-xl-4 col-lg-4 col-md-6 mb-25\">\n <div class=\"service-items-box-two\">\n\t             <div class=\"min-i\">\n\t                 <div class=\"service-icon-thumb\">\n\t\t\t\t\t\t\t<img decoding=\"async\" src=\"https:\/\/madmikeguitarschool.com\/wp-content\/uploads\/2024\/04\/Guitar.png\" alt=\"\">\n\t\t\t\t\t\t<\/div>\n\t\t\t\t\t\t<div class=\"service-items-title\">\n\t\t\t\t\t\t\t<h4><a href=\"https:\/\/madmikeguitarschool.com\/index.php\/class\/lekcje-gry-na-gitarze-elektrycznej\/\">Lekcje gry na gitarze elektrycznej<\/a><\/h4>\n\t\t\t\t\t\t<\/div>\n\t             <\/div>\n\t\t\t\t\t\t\n\t\t\t\t\t\t<div class=\"service-items-content-two\">\n\t\t\t\t\t\t\t<p>Zaj\u0119cia od poziomu podstawowego do zaawansowanego. Program obejmuje r\u00f3\u017cne style muzyczne \u2013 pop, rock, jazz, funk, metal. Praca nad technik\u0105 gry, improwizacj\u0105, akompaniamentem oraz \u015bwiadomym budowaniem brzmienia. Elementy teorii muzyki oraz podstawy nagrywania w warunkach studyjnych. Rozw\u00f3j muzykalno\u015bci, precyzji i scenicznej \u015bwiadomo\u015bci.<\/p>\n\t\t\t\t\t\t<\/div>\n\t\t\t\t\t\t<div class=\"service-items-thumb-two\">\n\t\t\t\t\t\t\t<a href=\"https:\/\/madmikeguitarschool.com\/index.php\/class\/lekcje-gry-na-gitarze-elektrycznej\/\">\n\t\t\t\t\t\t\t    <img decoding=\"async\" src=\"https:\/\/madmikeguitarschool.com\/wp-content\/uploads\/2024\/05\/gitelektr.webp\" alt=\"\">\n\t\t\t\t\t\t\t    <\/a>\n\t\t\t\t\t\t\t<div class=\"service-items-icon-two\">\n\t\t\t\t\t\t\t\t<a href=\"https:\/\/madmikeguitarschool.com\/index.php\/class\/lekcje-gry-na-gitarze-elektrycznej\/\">\n\t\t\t\t\t\t\t\t    <i class=\"icon icon-arrow-right\"><\/i>\n\t\t\t\t\t\t\t\t    <\/a>\n\t\t\t\t\t\t\t<\/div>\n\t\t\t\t\t\t<\/div>\n\t\t\t\t\t<\/div>\n\t\t\t\t\t\n\t\t\t\t\t\t\t\n<\/div>\n \n         \n\t\t\t\t\t\n\n    <div class=\"col-xl-4 col-lg-4 col-md-6 mb-25\">\n <div class=\"service-items-box-two\">\n\t             <div class=\"min-i\">\n\t                 <div class=\"service-icon-thumb\">\n\t\t\t\t\t\t\t<img decoding=\"async\" src=\"https:\/\/madmikeguitarschool.com\/wp-content\/uploads\/2024\/04\/Guitar.png\" alt=\"\">\n\t\t\t\t\t\t<\/div>\n\t\t\t\t\t\t<div class=\"service-items-title\">\n\t\t\t\t\t\t\t<h4><a href=\"https:\/\/madmikeguitarschool.com\/index.php\/class\/lekcje-gry-na-gitarze-akustycznej\/\">Lekcje gry na gitarze akustycznej<\/a><\/h4>\n\t\t\t\t\t\t<\/div>\n\t             <\/div>\n\t\t\t\t\t\t\n\t\t\t\t\t\t<div class=\"service-items-content-two\">\n\t\t\t\t\t\t\t<p>Lekcje dla os\u00f3b pocz\u0105tkuj\u0105cych i zaawansowanych. Nauka akompaniamentu, pracy z rytmem, aran\u017cacji oraz swobodnej improwizacji. Om\u00f3wienie akord\u00f3w, przewrot\u00f3w i ich praktycznego zastosowania. Zaj\u0119cia nastawione na \u015bwiadome kszta\u0142towanie brzmienia i umiej\u0119tno\u015b\u0107 dopasowania partii gitarowej do utworu.<\/p>\n\t\t\t\t\t\t<\/div>\n\t\t\t\t\t\t<div class=\"service-items-thumb-two\">\n\t\t\t\t\t\t\t<a href=\"https:\/\/madmikeguitarschool.com\/index.php\/class\/lekcje-gry-na-gitarze-akustycznej\/\">\n\t\t\t\t\t\t\t    <img decoding=\"async\" src=\"https:\/\/madmikeguitarschool.com\/wp-content\/uploads\/2026\/04\/gitaakust.webp\" alt=\"\">\n\t\t\t\t\t\t\t    <\/a>\n\t\t\t\t\t\t\t<div class=\"service-items-icon-two\">\n\t\t\t\t\t\t\t\t<a href=\"https:\/\/madmikeguitarschool.com\/index.php\/class\/lekcje-gry-na-gitarze-akustycznej\/\">\n\t\t\t\t\t\t\t\t    <i class=\"icon icon-arrow-right\"><\/i>\n\t\t\t\t\t\t\t\t    <\/a>\n\t\t\t\t\t\t\t<\/div>\n\t\t\t\t\t\t<\/div>\n\t\t\t\t\t<\/div>\n\t\t\t\t\t\n\t\t\t\t\t\t\t\n<\/div>\n \n         \n\t\t\t\t\t\n\n    <div class=\"col-xl-4 col-lg-4 col-md-6 mb-25\">\n <div class=\"service-items-box-two\">\n\t             <div class=\"min-i\">\n\t                 <div class=\"service-icon-thumb\">\n\t\t\t\t\t\t\t<img decoding=\"async\" src=\"https:\/\/madmikeguitarschool.com\/wp-content\/uploads\/2024\/04\/Guitar.png\" alt=\"\">\n\t\t\t\t\t\t<\/div>\n\t\t\t\t\t\t<div class=\"service-items-title\">\n\t\t\t\t\t\t\t<h4><a href=\"https:\/\/madmikeguitarschool.com\/index.php\/class\/lekcje-gry-na-ukulele\/\">Lekcje gry na ukulele<\/a><\/h4>\n\t\t\t\t\t\t<\/div>\n\t             <\/div>\n\t\t\t\t\t\t\n\t\t\t\t\t\t<div class=\"service-items-content-two\">\n\t\t\t\t\t\t\t<p>Zaj\u0119cia od poziomu podstawowego do zaawansowanego. Program obejmuje gr\u0119 akordow\u0105, improwizacj\u0119, podstawy teorii muzyki oraz techniki fingerstyle. Rozwijanie koordynacji, precyzji i muzykalno\u015bci w oparciu o nowoczesne podej\u015bcie do nauczania.<\/p>\n\t\t\t\t\t\t<\/div>\n\t\t\t\t\t\t<div class=\"service-items-thumb-two\">\n\t\t\t\t\t\t\t<a href=\"https:\/\/madmikeguitarschool.com\/index.php\/class\/lekcje-gry-na-ukulele\/\">\n\t\t\t\t\t\t\t    <img decoding=\"async\" src=\"https:\/\/madmikeguitarschool.com\/wp-content\/uploads\/2026\/04\/ukulele1.webp\" alt=\"\">\n\t\t\t\t\t\t\t    <\/a>\n\t\t\t\t\t\t\t<div class=\"service-items-icon-two\">\n\t\t\t\t\t\t\t\t<a href=\"https:\/\/madmikeguitarschool.com\/index.php\/class\/lekcje-gry-na-ukulele\/\">\n\t\t\t\t\t\t\t\t    <i class=\"icon icon-arrow-right\"><\/i>\n\t\t\t\t\t\t\t\t    <\/a>\n\t\t\t\t\t\t\t<\/div>\n\t\t\t\t\t\t<\/div>\n\t\t\t\t\t<\/div>\n\t\t\t\t\t\n\t\t\t\t\t\t\t\n<\/div>\n \n         \n\t\t\t\t\t\n<\/div>\n \n<\/div>\n\t\t\t\t\t\t<\/div>\n\t\t\t\t\t<\/div>\n\t\t<\/div>\n\t\t\t\t\t<\/div>\n\t\t<\/section>\n\t\t\t\t\t<\/div>\n\t\t<\/div>\n\t\t\t\t\t<\/div>\n\t\t<\/section>\n\t\t\t\t<\/div>\n\t\t","protected":false},"excerpt":{"rendered":"<p>Zaj\u0119cia Home Classes Nasze zaj\u0119cia<\/p>\n","protected":false},"author":4,"featured_media":0,"parent":0,"menu_order":0,"comment_status":"closed","ping_status":"closed","template":"elementor_header_footer","meta":{"_acf_changed":false,"footnotes":""},"class_list":["post-15","page","type-page","status-publish","hentry"],"acf":[],"_links":{"self":[{"href":"https:\/\/madmikeguitarschool.com\/index.php\/wp-json\/wp\/v2\/pages\/15","targetHints":{"allow":["GET"]}}],"collection":[{"href":"https:\/\/madmikeguitarschool.com\/index.php\/wp-json\/wp\/v2\/pages"}],"about":[{"href":"https:\/\/madmikeguitarschool.com\/index.php\/wp-json\/wp\/v2\/types\/page"}],"author":[{"embeddable":true,"href":"https:\/\/madmikeguitarschool.com\/index.php\/wp-json\/wp\/v2\/users\/4"}],"replies":[{"embeddable":true,"href":"https:\/\/madmikeguitarschool.com\/index.php\/wp-json\/wp\/v2\/comments?post=15"}],"version-history":[{"count":7,"href":"https:\/\/madmikeguitarschool.com\/index.php\/wp-json\/wp\/v2\/pages\/15\/revisions"}],"predecessor-version":[{"id":2640,"href":"https:\/\/madmikeguitarschool.com\/index.php\/wp-json\/wp\/v2\/pages\/15\/revisions\/2640"}],"wp:attachment":[{"href":"https:\/\/madmikeguitarschool.com\/index.php\/wp-json\/wp\/v2\/media?parent=15"}],"curies":[{"name":"wp","href":"https:\/\/api.w.org\/{rel}","templated":true}]}}